
			{"id":85419,"date":"2013-01-21T09:54:01","date_gmt":"2013-01-21T09:54:01","guid":{"rendered":"https:\/\/localregroup.com\/contact\/"},"modified":"2023-09-22T15:44:16","modified_gmt":"2023-09-22T15:44:16","slug":"contacto","status":"publish","type":"page","link":"https:\/\/localregroup.com\/es\/contacto\/","title":{"rendered":"Contacto"},"content":{"rendered":"<div class=\"col-xs-12 col-lg-8\">\n<p><span style=\"font-weight: 400;\">Nuestras tres pasiones son las personas, la comunidad y los bienes ra\u00edces. Afortunadamente, tenemos la oportunidad de trabajar con algunas de las personas m\u00e1s interesantes de Los \u00c1ngeles, ayud\u00e1ndoles a comprar y vender en un mercado inmobiliario complicado y de r\u00e1pido movimiento.<\/span><\/p>\n<p><span style=\"font-weight: 400;\">\u00bfQu\u00e9 aportamos a la mesa? Energ\u00eda, inteligencia y sentido del humor en todas y cada una de las transacciones.<\/span><\/p>\n<p><span style=\"font-weight: 400;\">Ya sea usted su primera vez comprando o un arrendador profesional, estamos bastante seguros de que podemos ayudarlo a obtener lo mejor de su pr\u00f3xima transacci\u00f3n.<\/span><\/p>\n<hr class=\"icon-hr\">\n<div class=\"social-fa-module ws-swappable-module\"><a class=\"facebook-icon\" href=\"https:\/\/www.facebook.com\/wearethelocal\/\" target=\"_blank\" rel=\"nofollow noopener\" aria-label=\"Facebook\"><span class=\"fa-icon fab fa-facebook-square\"><\/span><\/a><a class=\"instagram-icon\" href=\"https:\/\/www.instagram.com\/wearethelocal\/\" target=\"_blank\" rel=\"nofollow noopener\" aria-label=\"Instagram\"><span class=\"fa-icon fab fa-instagram\"><\/span><\/a><a class=\"linkedin-icon\" href=\"https:\/\/www.linkedin.com\/company\/wearethelocal\/\" target=\"_blank\" rel=\"nofollow noopener\" aria-label=\"Linkedin\"><span class=\"fa-icon fab fa-linkedin\"><\/span><\/a><a class=\"custom-fa-icon\" href=\"https:\/\/www.zillow.com\/profile\/thelocalregroup\/\" target=\"_blank\" rel=\"nofollow noopener\" aria-label=\"custom social media\"><img decoding=\"async\" src=\"https:\/\/localregroup.com\/wp-content\/uploads\/2022\/01\/toppng-com-zillow-logo-hi-res-398x308-1-e1642552065249.png\"><\/a><\/div><\/p>\n<hr class=\"icon-hr\">\n<div class=\"row-icons\">\n<div class=\"column-icon\"><i class=\"fa fa-phone contact\"><\/i><\/div>\n<div class=\"column-phone\"><a class=\"text-icons\" rel=\"nofollow noopener\" target=\"_blank\" href=\"tel:3236670700\" >323.667.0700<\/a><\/div>\n<div class=\"column-icon\"><i class=\"fa fa-envelope contact\"><\/i><\/div>\n<div class=\"column-email\"><a class=\"text-icons\" rel=\"nofollow noopener\" target=\"_blank\" href=\"mailto:info@localregroup.com\">info@localregroup.com<\/a><\/div>\n<div class=\"column-icon\"><i class=\"fa fa-map-marker contact\"><\/i><\/div>\n<div class=\"column-location\">\n<p class=\"text-icons\">3169 Glendale Boulevard, Los Angeles, CA 90039<\/p>\n<\/div>\n<\/div>\n<hr class=\"icon-hr\">\n<div class=\"embed-responsive embed-responsive-16by9 google-maps-responsive\">\n\t\t\t\t\t\t\t<iframe class=\"embed-responsive-item\" src=\"https:\/\/www.google.com\/maps\/embed?pb=!1m18!1m12!1m3!1d3303.1271369306255!2d-118.26404438478326!3d34.117494780588196!2m3!1f0!2f0!3f0!3m2!1i1024!2i768!4f13.1!3m3!1m2!1s0x80c2c0db040b133d%3A0x9cf7866f7591000b!2s3169%20Glendale%20Blvd%2C%20Los%20Angeles%2C%20CA%2090039!5e0!3m2!1sen!2sus!4v1621454560357!5m2!1sen!2sus\" allowfullscreen><\/iframe>\n\t\t\t\t\t\t<\/div><\/p>\n<\/div>\n<div class=\"col-xs-12 col-lg-4\">\n<h1>Manteng\u00e1monos en contacto<\/h1>\n<script type=\"text\/javascript\">\n\/* <![CDATA[ *\/\nvar gform;gform||(document.addEventListener(\"gform_main_scripts_loaded\",function(){gform.scriptsLoaded=!0}),document.addEventListener(\"gform\/theme\/scripts_loaded\",function(){gform.themeScriptsLoaded=!0}),window.addEventListener(\"DOMContentLoaded\",function(){gform.domLoaded=!0}),gform={domLoaded:!1,scriptsLoaded:!1,themeScriptsLoaded:!1,isFormEditor:()=>\"function\"==typeof InitializeEditor,callIfLoaded:function(o){return!(!gform.domLoaded||!gform.scriptsLoaded||!gform.themeScriptsLoaded&&!gform.isFormEditor()||(gform.isFormEditor()&&console.warn(\"The use of gform.initializeOnLoaded() is deprecated in the form editor context and will be removed in Gravity Forms 3.1.\"),o(),0))},initializeOnLoaded:function(o){gform.callIfLoaded(o)||(document.addEventListener(\"gform_main_scripts_loaded\",()=>{gform.scriptsLoaded=!0,gform.callIfLoaded(o)}),document.addEventListener(\"gform\/theme\/scripts_loaded\",()=>{gform.themeScriptsLoaded=!0,gform.callIfLoaded(o)}),window.addEventListener(\"DOMContentLoaded\",()=>{gform.domLoaded=!0,gform.callIfLoaded(o)}))},hooks:{action:{},filter:{}},addAction:function(o,r,e,t){gform.addHook(\"action\",o,r,e,t)},addFilter:function(o,r,e,t){gform.addHook(\"filter\",o,r,e,t)},doAction:function(o){gform.doHook(\"action\",o,arguments)},applyFilters:function(o){return gform.doHook(\"filter\",o,arguments)},removeAction:function(o,r){gform.removeHook(\"action\",o,r)},removeFilter:function(o,r,e){gform.removeHook(\"filter\",o,r,e)},addHook:function(o,r,e,t,n){null==gform.hooks[o][r]&&(gform.hooks[o][r]=[]);var d=gform.hooks[o][r];null==n&&(n=r+\"_\"+d.length),gform.hooks[o][r].push({tag:n,callable:e,priority:t=null==t?10:t})},doHook:function(r,o,e){var t;if(e=Array.prototype.slice.call(e,1),null!=gform.hooks[r][o]&&((o=gform.hooks[r][o]).sort(function(o,r){return o.priority-r.priority}),o.forEach(function(o){\"function\"!=typeof(t=o.callable)&&(t=window[t]),\"action\"==r?t.apply(null,e):e[0]=t.apply(null,e)})),\"filter\"==r)return e[0]},removeHook:function(o,r,t,n){var e;null!=gform.hooks[o][r]&&(e=(e=gform.hooks[o][r]).filter(function(o,r,e){return!!(null!=n&&n!=o.tag||null!=t&&t!=o.priority)}),gform.hooks[o][r]=e)}});\n\/* ]]> *\/\n<\/script>\n\n                <div class='gf_browser_gecko gform_wrapper gravity-theme gform-theme--no-framework' data-form-theme='gravity-theme' data-form-index='0' id='gform_wrapper_2' ><form method='post' enctype='multipart\/form-data'  id='gform_2'  action='\/es\/wp-json\/wp\/v2\/pages\/85419' data-formid='2' novalidate>\n                        <div class='gform-body gform_body'><div id='gform_fields_2' class='gform_fields top_label form_sublabel_below description_below validation_below'><fieldset id=\"field_2_2\" class=\"gfield gfield--type-name gfield--input-type-name gfield--width-full gfield_contains_required field_sublabel_below gfield--no-description field_description_below field_validation_below gfield_visibility_visible\"  ><legend class='gfield_label gform-field-label gfield_label_before_complex' >Nombre<span class=\"gfield_required\"><span class=\"gfield_required gfield_required_text\">(Obligatorio)<\/span><\/span><\/legend><div class='ginput_complex ginput_container ginput_container--name no_prefix has_first_name no_middle_name has_last_name no_suffix gf_name_has_2 ginput_container_name gform-grid-row' id='input_2_2'>\n                            \n                            <span id='input_2_2_3_container' class='name_first gform-grid-col gform-grid-col--size-auto' >\n                                                    <input type='text' name='input_2.3' id='input_2_2_3' value=''   aria-required='true'     \/>\n                                                    <label for='input_2_2_3' class='gform-field-label gform-field-label--type-sub '>Nombre<\/label>\n                                                <\/span>\n                            \n                            <span id='input_2_2_6_container' class='name_last gform-grid-col gform-grid-col--size-auto' >\n                                                    <input type='text' name='input_2.6' id='input_2_2_6' value=''   aria-required='true'     \/>\n                                                    <label for='input_2_2_6' class='gform-field-label gform-field-label--type-sub '>Apellidos<\/label>\n                                                <\/span>\n                            \n                        <\/div><\/fieldset><div id=\"field_2_3\" class=\"gfield gfield--type-email gfield--input-type-email gfield--width-full gfield_contains_required field_sublabel_below gfield--no-description field_description_below field_validation_below gfield_visibility_visible\"  ><label class='gfield_label gform-field-label' for='input_2_3'>Email<span class=\"gfield_required\"><span class=\"gfield_required gfield_required_text\">(Obligatorio)<\/span><\/span><\/label><div class='ginput_container ginput_container_email'>\n                            <input name='input_3' id='input_2_3' type='email' value='' class='large'    aria-required=\"true\" aria-invalid=\"false\"  \/>\n                        <\/div><\/div><div id=\"field_2_4\" class=\"gfield gfield--type-phone gfield--input-type-phone gfield--width-full field_sublabel_below gfield--no-description field_description_below field_validation_below gfield_visibility_visible\"  ><label class='gfield_label gform-field-label' for='input_2_4'>Telefono<\/label><div class='ginput_container ginput_container_phone'><input name='input_4' id='input_2_4' type='tel' value='' class='large'    aria-invalid=\"false\"   \/><\/div><\/div><div id=\"field_2_5\" class=\"gfield gfield--type-textarea gfield--input-type-textarea gfield--width-full gfield_contains_required field_sublabel_below gfield--no-description field_description_below field_validation_below gfield_visibility_visible\"  ><label class='gfield_label gform-field-label' for='input_2_5'>\u00bfC\u00f3mo podemos ayudar?*<span class=\"gfield_required\"><span class=\"gfield_required gfield_required_text\">(Obligatorio)<\/span><\/span><\/label><div class='ginput_container ginput_container_textarea'><textarea name='input_5' id='input_2_5' class='textarea small'     aria-required=\"true\" aria-invalid=\"false\"   rows='10' cols='50'><\/textarea><\/div><\/div><div id=\"field_2_6\" class=\"gfield gfield--type-select gfield--input-type-select gfield--width-full field_sublabel_below gfield--no-description field_description_below field_validation_below gfield_visibility_visible\"  ><label class='gfield_label gform-field-label' for='input_2_6'>Agr\u00e9game a tu lista de intereses<\/label><div class='ginput_container ginput_container_select'><select name='input_6' id='input_2_6' class='large gfield_select'     aria-invalid=\"false\" ><option value='\u00a1S\u00ed, por favor!' >\u00a1S\u00ed, por favor!<\/option><option value='No, gracias, tal vez m\u00e1s tarde.' >No, gracias, tal vez m\u00e1s tarde.<\/option><\/select><\/div><\/div><div id=\"field_2_7\" class=\"gfield gfield--type-captcha gfield--input-type-captcha gfield--width-full field_sublabel_below gfield--no-description field_description_below field_validation_below gfield_visibility_visible\"  ><label class='gfield_label gform-field-label' for='input_2_7'>CAPTCHA<\/label><div id='input_2_7' class='ginput_container ginput_recaptcha' data-sitekey='6LfXZm0pAAAAAE8cBsZE4LVbwvz4qZ25-yiRpAUl'  data-theme='light' data-tabindex='0'  data-badge=''><\/div><\/div><\/div><\/div>\n        <div class='gform-footer gform_footer top_label'> <input type='submit' id='gform_submit_button_2' class='gform_button button' onclick='gform.submission.handleButtonClick(this);' data-submission-type='submit' value='Enviar'  \/> \n            <input type='hidden' class='gform_hidden' name='gform_submission_method' data-js='gform_submission_method_2' value='postback' \/>\n            <input type='hidden' class='gform_hidden' name='gform_theme' data-js='gform_theme_2' id='gform_theme_2' value='gravity-theme' \/>\n            <input type='hidden' class='gform_hidden' name='gform_style_settings' data-js='gform_style_settings_2' id='gform_style_settings_2' value='[]' \/>\n            <input type='hidden' class='gform_hidden' name='is_submit_2' value='1' \/>\n            <input type='hidden' class='gform_hidden' name='gform_submit' value='2' \/>\n            \n            <input type='hidden' class='gform_hidden' name='gform_currency' data-currency='USD' value='rKA9APIZQIL+R5tSX+EfDmNAn6jeIME5W47+4BKB0cnxHGnbiy4b4gp9kogKmxfkiOkITTYHM3NF5t934hTbW0eEXYY3P9clfCq+2IRWdmnYeow=' \/>\n            <input type='hidden' class='gform_hidden' name='gform_unique_id' value='' \/>\n            <input type='hidden' class='gform_hidden' name='state_2' value='WyJbXSIsIjllN2VmNTZhZjBiMmIzMjJjZDVhMTgxZDY0OTUzNDZiIl0=' \/>\n            <input type='hidden' autocomplete='off' class='gform_hidden' name='gform_target_page_number_2' id='gform_target_page_number_2' value='0' \/>\n            <input type='hidden' autocomplete='off' class='gform_hidden' name='gform_source_page_number_2' id='gform_source_page_number_2' value='1' \/>\n            <input type='hidden' name='gform_field_values' value='' \/>\n            \n        <\/div>\n                        <\/form>\n                        <\/div><script type=\"text\/javascript\">\n\/* <![CDATA[ *\/\n gform.initializeOnLoaded( function() {gformInitSpinner( 2, 'https:\/\/localregroup.com\/wp-content\/plugins\/gravityforms\/images\/spinner.svg', true );jQuery('#gform_ajax_frame_2').on('load',function(){var contents = jQuery(this).contents().find('*').html();var is_postback = contents.indexOf('GF_AJAX_POSTBACK') >= 0;if(!is_postback){return;}var form_content = jQuery(this).contents().find('#gform_wrapper_2');var is_confirmation = jQuery(this).contents().find('#gform_confirmation_wrapper_2').length > 0;var is_redirect = contents.indexOf('gformRedirect(){') >= 0;var is_form = form_content.length > 0 && ! is_redirect && ! is_confirmation;var mt = parseInt(jQuery('html').css('margin-top'), 10) + parseInt(jQuery('body').css('margin-top'), 10) + 100;if(is_form){jQuery('#gform_wrapper_2').html(form_content.html());if(form_content.hasClass('gform_validation_error')){jQuery('#gform_wrapper_2').addClass('gform_validation_error');} else {jQuery('#gform_wrapper_2').removeClass('gform_validation_error');}setTimeout( function() { \/* delay the scroll by 50 milliseconds to fix a bug in chrome *\/  }, 50 );if(window['gformInitDatepicker']) {gformInitDatepicker();}if(window['gformInitPriceFields']) {gformInitPriceFields();}var current_page = jQuery('#gform_source_page_number_2').val();gformInitSpinner( 2, 'https:\/\/localregroup.com\/wp-content\/plugins\/gravityforms\/images\/spinner.svg', true );jQuery(document).trigger('gform_page_loaded', [2, current_page]);window['gf_submitting_2'] = false;}else if(!is_redirect){var confirmation_content = jQuery(this).contents().find('.GF_AJAX_POSTBACK').html();if(!confirmation_content){confirmation_content = contents;}jQuery('#gform_wrapper_2').replaceWith(confirmation_content);jQuery(document).trigger('gform_confirmation_loaded', [2]);window['gf_submitting_2'] = false;wp.a11y.speak(jQuery('#gform_confirmation_message_2').text());}else{jQuery('#gform_2').append(contents);if(window['gformRedirect']) {gformRedirect();}}jQuery(document).trigger(\"gform_pre_post_render\", [{ formId: \"2\", currentPage: \"current_page\", abort: function() { this.preventDefault(); } }]);        if (event && event.defaultPrevented) {                return;        }        const gformWrapperDiv = document.getElementById( \"gform_wrapper_2\" );        if ( gformWrapperDiv ) {            const visibilitySpan = document.createElement( \"span\" );            visibilitySpan.id = \"gform_visibility_test_2\";            gformWrapperDiv.insertAdjacentElement( \"afterend\", visibilitySpan );        }        const visibilityTestDiv = document.getElementById( \"gform_visibility_test_2\" );        let postRenderFired = false;        function triggerPostRender() {            if ( postRenderFired ) {                return;            }            postRenderFired = true;            gform.core.triggerPostRenderEvents( 2, current_page );            if ( visibilityTestDiv ) {                visibilityTestDiv.parentNode.removeChild( visibilityTestDiv );            }        }        function debounce( func, wait, immediate ) {            var timeout;            return function() {                var context = this, args = arguments;                var later = function() {                    timeout = null;                    if ( !immediate ) func.apply( context, args );                };                var callNow = immediate && !timeout;                clearTimeout( timeout );                timeout = setTimeout( later, wait );                if ( callNow ) func.apply( context, args );            };        }        const debouncedTriggerPostRender = debounce( function() {            triggerPostRender();        }, 200 );        if ( visibilityTestDiv && visibilityTestDiv.offsetParent === null ) {            const observer = new MutationObserver( ( mutations ) => {                mutations.forEach( ( mutation ) => {                    if ( mutation.type === 'attributes' && visibilityTestDiv.offsetParent !== null ) {                        debouncedTriggerPostRender();                        observer.disconnect();                    }                });            });            observer.observe( document.body, {                attributes: true,                childList: false,                subtree: true,                attributeFilter: [ 'style', 'class' ],            });        } else {            triggerPostRender();        }    } );} ); \n\/* ]]> *\/\n<\/script>\n\n<\/div>\n","protected":false},"excerpt":{"rendered":"<p>Nuestras tres pasiones son las personas, la comunidad y los bienes ra\u00edces. Afortunadamente, tenemos la oportunidad de trabajar con algunas de las personas m\u00e1s interesantes de Los \u00c1ngeles, ayud\u00e1ndoles a comprar y vender en un mercado inmobiliario complicado y de r\u00e1pido movimiento. \u00bfQu\u00e9 aportamos a la mesa? Energ\u00eda, inteligencia y sentido del humor en todas&#8230; <\/p>\n<p class=\"excerpt-read-more-container pull-right\"><a class=\"excerpt-read-more btn btn-primary\" href=\"https:\/\/localregroup.com\/es\/contacto\/\" title=\"LeerContacto\">Lee mas<\/a><\/p>\n","protected":false},"author":1,"featured_media":0,"parent":0,"menu_order":5,"comment_status":"open","ping_status":"open","template":"","meta":{"footnotes":""},"class_list":["post-85419","page","type-page","status-publish","hentry"],"yoast_head":"<!-- This site is optimized with the Yoast SEO plugin v27.3 - https:\/\/yoast.com\/product\/yoast-seo-wordpress\/ -->\n<title>Contacto - The Local Real Estate Group at Compass<\/title>\n<meta name=\"description\" content=\"Formerly, Courtney + Kurt Real Estate. The Local Real Estate Group services Atwater Village, Silver Lake, and all of Northeast Los Angeles!\" \/>\n<meta name=\"robots\" content=\"index, follow, max-snippet:-1, max-image-preview:large, max-video-preview:-1\" \/>\n<link rel=\"canonical\" href=\"https:\/\/localregroup.com\/es\/contacto\/\" \/>\n<meta property=\"og:locale\" content=\"es_ES\" \/>\n<meta property=\"og:type\" content=\"article\" \/>\n<meta property=\"og:title\" content=\"Contacto - The Local Real Estate Group at Compass\" \/>\n<meta property=\"og:description\" content=\"Formerly, Courtney + Kurt Real Estate. The Local Real Estate Group services Atwater Village, Silver Lake, and all of Northeast Los Angeles!\" \/>\n<meta property=\"og:url\" content=\"https:\/\/localregroup.com\/es\/contacto\/\" \/>\n<meta property=\"og:site_name\" content=\"The Local Real Estate Group at Compass\" \/>\n<meta property=\"article:publisher\" content=\"https:\/\/www.facebook.com\/wearethelocal\/\" \/>\n<meta property=\"article:modified_time\" content=\"2023-09-22T15:44:16+00:00\" \/>\n<meta property=\"og:image\" content=\"https:\/\/localregroup.com\/wp-content\/uploads\/2024\/01\/digital-fb-ig-ad-2023.png\" \/>\n\t<meta property=\"og:image:width\" content=\"2160\" \/>\n\t<meta property=\"og:image:height\" content=\"2160\" \/>\n\t<meta property=\"og:image:type\" content=\"image\/png\" \/>\n<meta name=\"twitter:card\" content=\"summary_large_image\" \/>\n<meta name=\"twitter:label1\" content=\"Tiempo de lectura\" \/>\n\t<meta name=\"twitter:data1\" content=\"1 minuto\" \/>\n<script type=\"application\/ld+json\" class=\"yoast-schema-graph\">{\"@context\":\"https:\\\/\\\/schema.org\",\"@graph\":[{\"@type\":\"WebPage\",\"@id\":\"https:\\\/\\\/localregroup.com\\\/es\\\/contacto\\\/\",\"url\":\"https:\\\/\\\/localregroup.com\\\/es\\\/contacto\\\/\",\"name\":\"Contacto - The Local Real Estate Group at Compass\",\"isPartOf\":{\"@id\":\"https:\\\/\\\/localregroup.com\\\/es\\\/#website\"},\"datePublished\":\"2013-01-21T09:54:01+00:00\",\"dateModified\":\"2023-09-22T15:44:16+00:00\",\"description\":\"Formerly, Courtney + Kurt Real Estate. The Local Real Estate Group services Atwater Village, Silver Lake, and all of Northeast Los Angeles!\",\"breadcrumb\":{\"@id\":\"https:\\\/\\\/localregroup.com\\\/es\\\/contacto\\\/#breadcrumb\"},\"inLanguage\":\"es\",\"potentialAction\":[{\"@type\":\"ReadAction\",\"target\":[\"https:\\\/\\\/localregroup.com\\\/es\\\/contacto\\\/\"]}]},{\"@type\":\"BreadcrumbList\",\"@id\":\"https:\\\/\\\/localregroup.com\\\/es\\\/contacto\\\/#breadcrumb\",\"itemListElement\":[{\"@type\":\"ListItem\",\"position\":1,\"name\":\"Home\",\"item\":\"https:\\\/\\\/localregroup.com\\\/es\\\/\"},{\"@type\":\"ListItem\",\"position\":2,\"name\":\"Contacto\"}]},{\"@type\":\"WebSite\",\"@id\":\"https:\\\/\\\/localregroup.com\\\/es\\\/#website\",\"url\":\"https:\\\/\\\/localregroup.com\\\/es\\\/\",\"name\":\"The Local Real Estate Group at Compass\",\"description\":\"Top Producing Realtors in Atwater Village\",\"publisher\":{\"@id\":\"https:\\\/\\\/localregroup.com\\\/es\\\/#organization\"},\"alternateName\":\"El Local Bienes Raices\",\"potentialAction\":[{\"@type\":\"SearchAction\",\"target\":{\"@type\":\"EntryPoint\",\"urlTemplate\":\"https:\\\/\\\/localregroup.com\\\/es\\\/?s={search_term_string}\"},\"query-input\":{\"@type\":\"PropertyValueSpecification\",\"valueRequired\":true,\"valueName\":\"search_term_string\"}}],\"inLanguage\":\"es\"},{\"@type\":\"Organization\",\"@id\":\"https:\\\/\\\/localregroup.com\\\/es\\\/#organization\",\"name\":\"The Local Real Estate Group\",\"alternateName\":\"El Local Bienes Raices\",\"url\":\"https:\\\/\\\/localregroup.com\\\/es\\\/\",\"logo\":{\"@type\":\"ImageObject\",\"inLanguage\":\"es\",\"@id\":\"https:\\\/\\\/localregroup.com\\\/es\\\/#\\\/schema\\\/logo\\\/image\\\/\",\"url\":\"https:\\\/\\\/localregroup.com\\\/wp-content\\\/uploads\\\/2024\\\/01\\\/digital-fb-ig-ad-2023.png\",\"contentUrl\":\"https:\\\/\\\/localregroup.com\\\/wp-content\\\/uploads\\\/2024\\\/01\\\/digital-fb-ig-ad-2023.png\",\"width\":2160,\"height\":2160,\"caption\":\"The Local Real Estate Group\"},\"image\":{\"@id\":\"https:\\\/\\\/localregroup.com\\\/es\\\/#\\\/schema\\\/logo\\\/image\\\/\"},\"sameAs\":[\"https:\\\/\\\/www.facebook.com\\\/wearethelocal\\\/\",\"https:\\\/\\\/www.instagram.com\\\/wearethelocal\\\/\",\"https:\\\/\\\/www.youtube.com\\\/channel\\\/UCaSWQQ28OgWtqnCUU9cV2YA\"]}]}<\/script>\n<!-- \/ Yoast SEO plugin. -->","yoast_head_json":{"title":"Contacto - The Local Real Estate Group at Compass","description":"Formerly, Courtney + Kurt Real Estate. The Local Real Estate Group services Atwater Village, Silver Lake, and all of Northeast Los Angeles!","robots":{"index":"index","follow":"follow","max-snippet":"max-snippet:-1","max-image-preview":"max-image-preview:large","max-video-preview":"max-video-preview:-1"},"canonical":"https:\/\/localregroup.com\/es\/contacto\/","og_locale":"es_ES","og_type":"article","og_title":"Contacto - The Local Real Estate Group at Compass","og_description":"Formerly, Courtney + Kurt Real Estate. The Local Real Estate Group services Atwater Village, Silver Lake, and all of Northeast Los Angeles!","og_url":"https:\/\/localregroup.com\/es\/contacto\/","og_site_name":"The Local Real Estate Group at Compass","article_publisher":"https:\/\/www.facebook.com\/wearethelocal\/","article_modified_time":"2023-09-22T15:44:16+00:00","og_image":[{"width":2160,"height":2160,"url":"https:\/\/localregroup.com\/wp-content\/uploads\/2024\/01\/digital-fb-ig-ad-2023.png","type":"image\/png"}],"twitter_card":"summary_large_image","twitter_misc":{"Tiempo de lectura":"1 minuto"},"schema":{"@context":"https:\/\/schema.org","@graph":[{"@type":"WebPage","@id":"https:\/\/localregroup.com\/es\/contacto\/","url":"https:\/\/localregroup.com\/es\/contacto\/","name":"Contacto - The Local Real Estate Group at Compass","isPartOf":{"@id":"https:\/\/localregroup.com\/es\/#website"},"datePublished":"2013-01-21T09:54:01+00:00","dateModified":"2023-09-22T15:44:16+00:00","description":"Formerly, Courtney + Kurt Real Estate. The Local Real Estate Group services Atwater Village, Silver Lake, and all of Northeast Los Angeles!","breadcrumb":{"@id":"https:\/\/localregroup.com\/es\/contacto\/#breadcrumb"},"inLanguage":"es","potentialAction":[{"@type":"ReadAction","target":["https:\/\/localregroup.com\/es\/contacto\/"]}]},{"@type":"BreadcrumbList","@id":"https:\/\/localregroup.com\/es\/contacto\/#breadcrumb","itemListElement":[{"@type":"ListItem","position":1,"name":"Home","item":"https:\/\/localregroup.com\/es\/"},{"@type":"ListItem","position":2,"name":"Contacto"}]},{"@type":"WebSite","@id":"https:\/\/localregroup.com\/es\/#website","url":"https:\/\/localregroup.com\/es\/","name":"The Local Real Estate Group at Compass","description":"Top Producing Realtors in Atwater Village","publisher":{"@id":"https:\/\/localregroup.com\/es\/#organization"},"alternateName":"El Local Bienes Raices","potentialAction":[{"@type":"SearchAction","target":{"@type":"EntryPoint","urlTemplate":"https:\/\/localregroup.com\/es\/?s={search_term_string}"},"query-input":{"@type":"PropertyValueSpecification","valueRequired":true,"valueName":"search_term_string"}}],"inLanguage":"es"},{"@type":"Organization","@id":"https:\/\/localregroup.com\/es\/#organization","name":"The Local Real Estate Group","alternateName":"El Local Bienes Raices","url":"https:\/\/localregroup.com\/es\/","logo":{"@type":"ImageObject","inLanguage":"es","@id":"https:\/\/localregroup.com\/es\/#\/schema\/logo\/image\/","url":"https:\/\/localregroup.com\/wp-content\/uploads\/2024\/01\/digital-fb-ig-ad-2023.png","contentUrl":"https:\/\/localregroup.com\/wp-content\/uploads\/2024\/01\/digital-fb-ig-ad-2023.png","width":2160,"height":2160,"caption":"The Local Real Estate Group"},"image":{"@id":"https:\/\/localregroup.com\/es\/#\/schema\/logo\/image\/"},"sameAs":["https:\/\/www.facebook.com\/wearethelocal\/","https:\/\/www.instagram.com\/wearethelocal\/","https:\/\/www.youtube.com\/channel\/UCaSWQQ28OgWtqnCUU9cV2YA"]}]}},"_links":{"self":[{"href":"https:\/\/localregroup.com\/es\/wp-json\/wp\/v2\/pages\/85419","targetHints":{"allow":["GET"]}}],"collection":[{"href":"https:\/\/localregroup.com\/es\/wp-json\/wp\/v2\/pages"}],"about":[{"href":"https:\/\/localregroup.com\/es\/wp-json\/wp\/v2\/types\/page"}],"author":[{"embeddable":true,"href":"https:\/\/localregroup.com\/es\/wp-json\/wp\/v2\/users\/1"}],"replies":[{"embeddable":true,"href":"https:\/\/localregroup.com\/es\/wp-json\/wp\/v2\/comments?post=85419"}],"version-history":[{"count":2,"href":"https:\/\/localregroup.com\/es\/wp-json\/wp\/v2\/pages\/85419\/revisions"}],"predecessor-version":[{"id":96094,"href":"https:\/\/localregroup.com\/es\/wp-json\/wp\/v2\/pages\/85419\/revisions\/96094"}],"wp:attachment":[{"href":"https:\/\/localregroup.com\/es\/wp-json\/wp\/v2\/media?parent=85419"}],"curies":[{"name":"wp","href":"https:\/\/api.w.org\/{rel}","templated":true}]}}