{"id":85410,"date":"2019-06-26T00:38:14","date_gmt":"2019-06-26T00:38:14","guid":{"rendered":"https:\/\/localregroup.com\/compass-concierge\/"},"modified":"2022-09-02T05:24:10","modified_gmt":"2022-09-02T05:24:10","slug":"servicio-de-conserje-de-compass","status":"publish","type":"page","link":"https:\/\/localregroup.com\/es\/servicio-de-conserje-de-compass\/","title":{"rendered":"servicio de conserje de Compass"},"content":{"rendered":"<h2 class=\"has-medium-font-size\">Obtenga el costo de los servicios de mejoras para el hogar sin intereses, por siempre.<\/h2>\n<p>Compass Concierge es la manera sencilla de vender su casa m\u00e1s r\u00e1pido y por un precio m\u00e1s alto con servicios como puesta en escena, arreglo de pisos, trabajo de pintura y m\u00e1s.<\/p>\n<div class=\"clearfix\" style=\"padding: 15px;\">\u00a0<\/div>\n<div class=\"col-sm-4\">\n<h2 class=\"text-center\">Inteligente <\/h2>\n<p class=\"text-center\">Su agente de Compass lo ayudar\u00e1 a determinar qu\u00e9 servicio puede brindarle el mayor retorno de su inversi\u00f3n.<\/p>\n<\/div>\n<div class=\"col-sm-4\">\n<h2 class=\"text-center\">Rapido<\/h2>\n<p class=\"text-center\">Todo el proceso est\u00e1 dise\u00f1ado para ser r\u00e1pido, de modo que el trabajo pueda comenzar, y su casa pueda venderse, lo m\u00e1s r\u00e1pido posible.<\/p>\n<\/div>\n<div class=\"col-sm-4\">\n<h2 class=\"text-center\">Transparente<\/h2>\n<p class=\"text-center\">Nunca tendr\u00e1 que preocuparse por el costo inicial o el inter\u00e9s<\/p>\n<\/div>\n<div class=\"clearfix\" style=\"padding: 15px;\">\u00a0<\/div>\n<h3 class=\"clearfix\">\u00bfC\u00f3mo funciona?<\/h3>\n<ul>\n<li>Usted y su agente trabajan juntos para decidir qu\u00e9 servicios pueden aumentar al maximo el valor de su casa y establecen un presupuesto estimado para el trabajo.<\/li>\n<li>Cuando est\u00e9 listo para comenzar, su agente de Compass estar\u00e1 a su lado mientras interact\u00faa con los proveedores y encarga el trabajo.<\/li>\n<li>Una vez que se complete la transformaci\u00f3n, su casa saldr\u00e1 al mercado.<\/li>\n<li>Pagar\u00e1 por los servicios cuando suceda una de las siguientes: su casa se vende, rescinde su contrato de listado con Compass o pasan 12 meses desde la fecha de inicio de su Concierge.<\/li>\n<\/ul>\n<h3>Los servicios pueden incluir:<\/h3>\n<ul>\n<li>Limpieza profunda<\/li>\n<li>Renovaciones cosm\u00e9ticas \/ superficiales \/ sencillas<\/li>\n<li>Limpiar \/ despejar desorden<\/li>\n<li>Paisajismo<\/li>\n<li>Pintura interior + exterior<\/li>\n<li>Puesta en escena<\/li>\n<li>Control de plagas<\/li>\n<li>Trabajo personalizado en armarios<\/li>\n<li>Servicio de arreglos de cercos<\/li>\n<li>Inspecciones pactadas por el vendedor- previas a poner la propiedad a la venta<\/li>\n<li>Mudanza + almacenamiento<\/li>\n<li>Reparaci\u00f3n de techos<\/li>\n<li>Examen del sistema de calentamiento de aguas<\/li>\n<li>Trabajo el\u00e9ctrico<\/li>\n<li>Climatizaci\u00f3n<\/li>\n<li>Servicios de fontaner\u00eda<\/li>\n<li>Inspecciones laterales de alcantarillado + remediaciones<\/li>\n<\/ul>\n<div class=\"clearfix\" style=\"padding: 15px;\">\u00a0<\/div>\n<div class=\"col-sm-6\"><img loading=\"lazy\" decoding=\"async\" class=\"aligncenter size-large wp-image-72385\" src=\"https:\/\/localregroup.com\/wp-content\/uploads\/2022\/01\/compass-concierge-before-min-1024x768.jpg\" alt=\"compass concierge before min\" width=\"1024\" height=\"768\" srcset=\"https:\/\/localregroup.com\/wp-content\/uploads\/2022\/01\/compass-concierge-before-min-1024x768.jpg 1024w, https:\/\/localregroup.com\/wp-content\/uploads\/2022\/01\/compass-concierge-before-min-800x600.jpg 800w, https:\/\/localregroup.com\/wp-content\/uploads\/2022\/01\/compass-concierge-before-min-768x576.jpg 768w, https:\/\/localregroup.com\/wp-content\/uploads\/2022\/01\/compass-concierge-before-min-1536x1152.jpg 1536w, https:\/\/localregroup.com\/wp-content\/uploads\/2022\/01\/compass-concierge-before-min.jpg 1632w\" sizes=\"auto, (max-width: 1024px) 100vw, 1024px\" \/><\/div>\n<div class=\"col-sm-6\"><img loading=\"lazy\" decoding=\"async\" class=\"aligncenter size-large wp-image-72383\" src=\"https:\/\/localregroup.com\/wp-content\/uploads\/2022\/01\/compass-concierge-after-min-scaled-e1641510724771-1024x768.jpg\" alt=\"compass concierge after min\" width=\"1024\" height=\"683\" \/><\/div>\n<div class=\"clearfix\" style=\"padding: 15px;\">\u00a0<\/div>\n<p>\u00a1<a href=\"https:\/\/localregroup.com\/es\/contacto\">Cont\u00e1ctanos<\/a> para m\u00e1s informaci\u00f3n!<\/p>\n<p class=\"has-small-font-size\">Esta informaci\u00f3n se proporciona \u00fanicamente con fines informativos y no constituye una solicitud, recomendaci\u00f3n, oferta o promesa de prestaci\u00f3n de servicios. Reglas y amp; Se aplican exclusiones. Compass no ofrece ninguna garant\u00eda de resultados. El hogar debe calificar seg\u00fan las pautas de Compass Concierge. Sujeto a t\u00e9rminos y condiciones adicionales. Compass se reserva el derecho de rechazar, rechazar o cancelar el programa por cualquier motivo en cualquier momento sin responsabilidad.<\/p>\n<p class=\"has-small-font-size\">Los pr\u00e9stamos de Concierge Capital son proporcionados por Notable Finance, LLC, NMLS n.\u00ba 1824748 y se realizan o organizan de conformidad con una licencia de la Ley de prestamistas financieros de California. La elegibilidad del pr\u00e9stamo no est\u00e1 garantizada y todos los pr\u00e9stamos est\u00e1n sujetos a aprobaci\u00f3n crediticia y suscripci\u00f3n por parte de Notable. Compass no es un prestamista y no otorga pr\u00e9stamos como parte del programa Compass Concierge<\/p>\n<div class=\"clearfix\" style=\"padding: 15px;\">\u00a0<\/div>\n","protected":false},"excerpt":{"rendered":"<p>Obtenga el costo de los servicios de mejoras para el hogar sin intereses, por siempre. Compass Concierge es la manera sencilla de vender su casa m\u00e1s r\u00e1pido y por un precio m\u00e1s alto con servicios como puesta en escena, arreglo de pisos, trabajo de pintura y m\u00e1s. \u00a0 Inteligente Su agente de Compass lo ayudar\u00e1&#8230; <\/p>\n<p class=\"excerpt-read-more-container pull-right\"><a class=\"excerpt-read-more btn btn-primary\" href=\"https:\/\/localregroup.com\/es\/servicio-de-conserje-de-compass\/\" title=\"Leerservicio de conserje de Compass\">Lee mas<\/a><\/p>\n","protected":false},"author":1,"featured_media":0,"parent":0,"menu_order":0,"comment_status":"closed","ping_status":"closed","template":"","meta":{"footnotes":""},"class_list":["post-85410","page","type-page","status-publish","hentry"],"yoast_head":"<!-- This site is optimized with the Yoast SEO plugin v27.4 - https:\/\/yoast.com\/product\/yoast-seo-wordpress\/ -->\n<title>servicio de conserje de Compass - The Local Real Estate Group at Compass<\/title>\n<meta name=\"description\" content=\"Formerly, Courtney + Kurt Real Estate. The Local Real Estate Group services Atwater Village, Silver Lake, and all of Northeast Los Angeles!\" \/>\n<meta name=\"robots\" content=\"index, follow, max-snippet:-1, max-image-preview:large, max-video-preview:-1\" \/>\n<link rel=\"canonical\" href=\"https:\/\/localregroup.com\/es\/servicio-de-conserje-de-compass\/\" \/>\n<meta property=\"og:locale\" content=\"es_ES\" \/>\n<meta property=\"og:type\" content=\"article\" \/>\n<meta property=\"og:title\" content=\"servicio de conserje de Compass - The Local Real Estate Group at Compass\" \/>\n<meta property=\"og:description\" content=\"Formerly, Courtney + Kurt Real Estate. The Local Real Estate Group services Atwater Village, Silver Lake, and all of Northeast Los Angeles!\" \/>\n<meta property=\"og:url\" content=\"https:\/\/localregroup.com\/es\/servicio-de-conserje-de-compass\/\" \/>\n<meta property=\"og:site_name\" content=\"The Local Real Estate Group at Compass\" \/>\n<meta property=\"article:publisher\" content=\"https:\/\/www.facebook.com\/wearethelocal\/\" \/>\n<meta property=\"article:modified_time\" content=\"2022-09-02T05:24:10+00:00\" \/>\n<meta property=\"og:image\" content=\"https:\/\/localregroup.com\/wp-content\/uploads\/2022\/01\/compass-concierge-before-min-1024x768.jpg\" \/>\n<meta name=\"twitter:card\" content=\"summary_large_image\" \/>\n<meta name=\"twitter:label1\" content=\"Tiempo de lectura\" \/>\n\t<meta name=\"twitter:data1\" content=\"2 minutos\" \/>\n<script type=\"application\/ld+json\" class=\"yoast-schema-graph\">{\"@context\":\"https:\\\/\\\/schema.org\",\"@graph\":[{\"@type\":\"WebPage\",\"@id\":\"https:\\\/\\\/localregroup.com\\\/es\\\/servicio-de-conserje-de-compass\\\/\",\"url\":\"https:\\\/\\\/localregroup.com\\\/es\\\/servicio-de-conserje-de-compass\\\/\",\"name\":\"servicio de conserje de Compass - The Local Real Estate Group at Compass\",\"isPartOf\":{\"@id\":\"https:\\\/\\\/localregroup.com\\\/es\\\/#website\"},\"primaryImageOfPage\":{\"@id\":\"https:\\\/\\\/localregroup.com\\\/es\\\/servicio-de-conserje-de-compass\\\/#primaryimage\"},\"image\":{\"@id\":\"https:\\\/\\\/localregroup.com\\\/es\\\/servicio-de-conserje-de-compass\\\/#primaryimage\"},\"thumbnailUrl\":\"https:\\\/\\\/localregroup.com\\\/wp-content\\\/uploads\\\/2022\\\/01\\\/compass-concierge-before-min-1024x768.jpg\",\"datePublished\":\"2019-06-26T00:38:14+00:00\",\"dateModified\":\"2022-09-02T05:24:10+00:00\",\"description\":\"Formerly, Courtney + Kurt Real Estate. The Local Real Estate Group services Atwater Village, Silver Lake, and all of Northeast Los Angeles!\",\"breadcrumb\":{\"@id\":\"https:\\\/\\\/localregroup.com\\\/es\\\/servicio-de-conserje-de-compass\\\/#breadcrumb\"},\"inLanguage\":\"es\",\"potentialAction\":[{\"@type\":\"ReadAction\",\"target\":[\"https:\\\/\\\/localregroup.com\\\/es\\\/servicio-de-conserje-de-compass\\\/\"]}]},{\"@type\":\"ImageObject\",\"inLanguage\":\"es\",\"@id\":\"https:\\\/\\\/localregroup.com\\\/es\\\/servicio-de-conserje-de-compass\\\/#primaryimage\",\"url\":\"https:\\\/\\\/localregroup.com\\\/wp-content\\\/uploads\\\/2022\\\/01\\\/compass-concierge-before-min-1024x768.jpg\",\"contentUrl\":\"https:\\\/\\\/localregroup.com\\\/wp-content\\\/uploads\\\/2022\\\/01\\\/compass-concierge-before-min-1024x768.jpg\"},{\"@type\":\"BreadcrumbList\",\"@id\":\"https:\\\/\\\/localregroup.com\\\/es\\\/servicio-de-conserje-de-compass\\\/#breadcrumb\",\"itemListElement\":[{\"@type\":\"ListItem\",\"position\":1,\"name\":\"Home\",\"item\":\"https:\\\/\\\/localregroup.com\\\/es\\\/\"},{\"@type\":\"ListItem\",\"position\":2,\"name\":\"servicio de conserje de Compass\"}]},{\"@type\":\"WebSite\",\"@id\":\"https:\\\/\\\/localregroup.com\\\/es\\\/#website\",\"url\":\"https:\\\/\\\/localregroup.com\\\/es\\\/\",\"name\":\"The Local Real Estate Group at Compass\",\"description\":\"Top Producing Realtors in Atwater Village\",\"publisher\":{\"@id\":\"https:\\\/\\\/localregroup.com\\\/es\\\/#organization\"},\"alternateName\":\"El Local Bienes Raices\",\"potentialAction\":[{\"@type\":\"SearchAction\",\"target\":{\"@type\":\"EntryPoint\",\"urlTemplate\":\"https:\\\/\\\/localregroup.com\\\/es\\\/?s={search_term_string}\"},\"query-input\":{\"@type\":\"PropertyValueSpecification\",\"valueRequired\":true,\"valueName\":\"search_term_string\"}}],\"inLanguage\":\"es\"},{\"@type\":\"Organization\",\"@id\":\"https:\\\/\\\/localregroup.com\\\/es\\\/#organization\",\"name\":\"The Local Real Estate Group\",\"alternateName\":\"El Local Bienes Raices\",\"url\":\"https:\\\/\\\/localregroup.com\\\/es\\\/\",\"logo\":{\"@type\":\"ImageObject\",\"inLanguage\":\"es\",\"@id\":\"https:\\\/\\\/localregroup.com\\\/es\\\/#\\\/schema\\\/logo\\\/image\\\/\",\"url\":\"https:\\\/\\\/localregroup.com\\\/wp-content\\\/uploads\\\/2024\\\/01\\\/digital-fb-ig-ad-2023.png\",\"contentUrl\":\"https:\\\/\\\/localregroup.com\\\/wp-content\\\/uploads\\\/2024\\\/01\\\/digital-fb-ig-ad-2023.png\",\"width\":2160,\"height\":2160,\"caption\":\"The Local Real Estate Group\"},\"image\":{\"@id\":\"https:\\\/\\\/localregroup.com\\\/es\\\/#\\\/schema\\\/logo\\\/image\\\/\"},\"sameAs\":[\"https:\\\/\\\/www.facebook.com\\\/wearethelocal\\\/\",\"https:\\\/\\\/www.instagram.com\\\/wearethelocal\\\/\",\"https:\\\/\\\/www.youtube.com\\\/channel\\\/UCaSWQQ28OgWtqnCUU9cV2YA\"]}]}<\/script>\n<!-- \/ Yoast SEO plugin. -->","yoast_head_json":{"title":"servicio de conserje de Compass - The Local Real Estate Group at Compass","description":"Formerly, Courtney + Kurt Real Estate. The Local Real Estate Group services Atwater Village, Silver Lake, and all of Northeast Los Angeles!","robots":{"index":"index","follow":"follow","max-snippet":"max-snippet:-1","max-image-preview":"max-image-preview:large","max-video-preview":"max-video-preview:-1"},"canonical":"https:\/\/localregroup.com\/es\/servicio-de-conserje-de-compass\/","og_locale":"es_ES","og_type":"article","og_title":"servicio de conserje de Compass - The Local Real Estate Group at Compass","og_description":"Formerly, Courtney + Kurt Real Estate. The Local Real Estate Group services Atwater Village, Silver Lake, and all of Northeast Los Angeles!","og_url":"https:\/\/localregroup.com\/es\/servicio-de-conserje-de-compass\/","og_site_name":"The Local Real Estate Group at Compass","article_publisher":"https:\/\/www.facebook.com\/wearethelocal\/","article_modified_time":"2022-09-02T05:24:10+00:00","og_image":[{"url":"https:\/\/localregroup.com\/wp-content\/uploads\/2022\/01\/compass-concierge-before-min-1024x768.jpg","type":"","width":"","height":""}],"twitter_card":"summary_large_image","twitter_misc":{"Tiempo de lectura":"2 minutos"},"schema":{"@context":"https:\/\/schema.org","@graph":[{"@type":"WebPage","@id":"https:\/\/localregroup.com\/es\/servicio-de-conserje-de-compass\/","url":"https:\/\/localregroup.com\/es\/servicio-de-conserje-de-compass\/","name":"servicio de conserje de Compass - The Local Real Estate Group at Compass","isPartOf":{"@id":"https:\/\/localregroup.com\/es\/#website"},"primaryImageOfPage":{"@id":"https:\/\/localregroup.com\/es\/servicio-de-conserje-de-compass\/#primaryimage"},"image":{"@id":"https:\/\/localregroup.com\/es\/servicio-de-conserje-de-compass\/#primaryimage"},"thumbnailUrl":"https:\/\/localregroup.com\/wp-content\/uploads\/2022\/01\/compass-concierge-before-min-1024x768.jpg","datePublished":"2019-06-26T00:38:14+00:00","dateModified":"2022-09-02T05:24:10+00:00","description":"Formerly, Courtney + Kurt Real Estate. The Local Real Estate Group services Atwater Village, Silver Lake, and all of Northeast Los Angeles!","breadcrumb":{"@id":"https:\/\/localregroup.com\/es\/servicio-de-conserje-de-compass\/#breadcrumb"},"inLanguage":"es","potentialAction":[{"@type":"ReadAction","target":["https:\/\/localregroup.com\/es\/servicio-de-conserje-de-compass\/"]}]},{"@type":"ImageObject","inLanguage":"es","@id":"https:\/\/localregroup.com\/es\/servicio-de-conserje-de-compass\/#primaryimage","url":"https:\/\/localregroup.com\/wp-content\/uploads\/2022\/01\/compass-concierge-before-min-1024x768.jpg","contentUrl":"https:\/\/localregroup.com\/wp-content\/uploads\/2022\/01\/compass-concierge-before-min-1024x768.jpg"},{"@type":"BreadcrumbList","@id":"https:\/\/localregroup.com\/es\/servicio-de-conserje-de-compass\/#breadcrumb","itemListElement":[{"@type":"ListItem","position":1,"name":"Home","item":"https:\/\/localregroup.com\/es\/"},{"@type":"ListItem","position":2,"name":"servicio de conserje de Compass"}]},{"@type":"WebSite","@id":"https:\/\/localregroup.com\/es\/#website","url":"https:\/\/localregroup.com\/es\/","name":"The Local Real Estate Group at Compass","description":"Top Producing Realtors in Atwater Village","publisher":{"@id":"https:\/\/localregroup.com\/es\/#organization"},"alternateName":"El Local Bienes Raices","potentialAction":[{"@type":"SearchAction","target":{"@type":"EntryPoint","urlTemplate":"https:\/\/localregroup.com\/es\/?s={search_term_string}"},"query-input":{"@type":"PropertyValueSpecification","valueRequired":true,"valueName":"search_term_string"}}],"inLanguage":"es"},{"@type":"Organization","@id":"https:\/\/localregroup.com\/es\/#organization","name":"The Local Real Estate Group","alternateName":"El Local Bienes Raices","url":"https:\/\/localregroup.com\/es\/","logo":{"@type":"ImageObject","inLanguage":"es","@id":"https:\/\/localregroup.com\/es\/#\/schema\/logo\/image\/","url":"https:\/\/localregroup.com\/wp-content\/uploads\/2024\/01\/digital-fb-ig-ad-2023.png","contentUrl":"https:\/\/localregroup.com\/wp-content\/uploads\/2024\/01\/digital-fb-ig-ad-2023.png","width":2160,"height":2160,"caption":"The Local Real Estate Group"},"image":{"@id":"https:\/\/localregroup.com\/es\/#\/schema\/logo\/image\/"},"sameAs":["https:\/\/www.facebook.com\/wearethelocal\/","https:\/\/www.instagram.com\/wearethelocal\/","https:\/\/www.youtube.com\/channel\/UCaSWQQ28OgWtqnCUU9cV2YA"]}]}},"_links":{"self":[{"href":"https:\/\/localregroup.com\/es\/wp-json\/wp\/v2\/pages\/85410","targetHints":{"allow":["GET"]}}],"collection":[{"href":"https:\/\/localregroup.com\/es\/wp-json\/wp\/v2\/pages"}],"about":[{"href":"https:\/\/localregroup.com\/es\/wp-json\/wp\/v2\/types\/page"}],"author":[{"embeddable":true,"href":"https:\/\/localregroup.com\/es\/wp-json\/wp\/v2\/users\/1"}],"replies":[{"embeddable":true,"href":"https:\/\/localregroup.com\/es\/wp-json\/wp\/v2\/comments?post=85410"}],"version-history":[{"count":20,"href":"https:\/\/localregroup.com\/es\/wp-json\/wp\/v2\/pages\/85410\/revisions"}],"predecessor-version":[{"id":86381,"href":"https:\/\/localregroup.com\/es\/wp-json\/wp\/v2\/pages\/85410\/revisions\/86381"}],"wp:attachment":[{"href":"https:\/\/localregroup.com\/es\/wp-json\/wp\/v2\/media?parent=85410"}],"curies":[{"name":"wp","href":"https:\/\/api.w.org\/{rel}","templated":true}]}}